{"id":1255,"date":"2017-06-30T09:07:50","date_gmt":"2017-06-30T07:07:50","guid":{"rendered":"http:\/\/www.apa88.com\/?page_id=1255"},"modified":"2017-06-30T09:26:35","modified_gmt":"2017-06-30T07:26:35","slug":"devis-en-ligne","status":"publish","type":"page","link":"https:\/\/www.apa88.com\/index.php\/devis-en-ligne\/","title":{"rendered":"Devis en ligne"},"content":{"rendered":"<div  class=\"fusion-fullwidth fullwidth-box nonhundred-percent-fullwidth\"  style='background-color: rgba(255,255,255,0);background-position: center center;background-repeat: no-repeat;padding-top:0px;padding-right:0px;padding-bottom:0px;padding-left:0px;'><div class=\"fusion-builder-row fusion-row \"><div  class=\"fusion-layout-column fusion_builder_column fusion_builder_column_1_3  fusion-one-third fusion-column-first 1_3\"  style='margin-top:0px;margin-bottom:0px;width:33.33%;width:calc(33.33% - ( ( 4% ) * 0.3333 ) );margin-right: 4%;'>\r\n\t\t\t\t\t<div class=\"fusion-column-wrapper\" style=\"background-position:left top;background-repeat:no-repeat;-webkit-background-size:cover;-moz-background-size:cover;-o-background-size:cover;background-size:cover;\"  data-bg-url=\"\">\r\n\t\t\t\t\t\t<p>D\u00e9crivez nous pr\u00e9cis\u00e9ment la ou les pi\u00e8ces que vous recherchez et nous vous contacterons dans les plus bref d\u00e9lais.<\/p>\n<div class=\"fusion-clearfix\"><\/div>\r\n\r\n\t\t\t\t\t<\/div>\r\n\t\t\t\t<\/div><div  class=\"fusion-layout-column fusion_builder_column fusion_builder_column_2_3  fusion-two-third fusion-column-last 2_3\"  style='margin-top:0px;margin-bottom:0px;width:66.66%;width:calc(66.66% - ( ( 4% ) * 0.6666 ) );'>\r\n\t\t\t\t\t<div class=\"fusion-column-wrapper\" style=\"background-position:left top;background-repeat:no-repeat;-webkit-background-size:cover;-moz-background-size:cover;-o-background-size:cover;background-size:cover;\"  data-bg-url=\"\">\r\n\t\t\t\t\t\t<div role=\"form\" class=\"wpcf7\" id=\"wpcf7-f1256-o1\" lang=\"fr-FR\" dir=\"ltr\">\n<div class=\"screen-reader-response\"><\/div>\n<form action=\"\/index.php\/wp-json\/wp\/v2\/pages\/1255#wpcf7-f1256-o1\" method=\"post\" class=\"wpcf7-form\" novalidate=\"novalidate\">\n<div style=\"display: none;\">\n<input type=\"hidden\" name=\"_wpcf7\" value=\"1256\" \/>\n<input type=\"hidden\" name=\"_wpcf7_version\" value=\"4.9\" \/>\n<input type=\"hidden\" name=\"_wpcf7_locale\" value=\"fr_FR\" \/>\n<input type=\"hidden\" name=\"_wpcf7_unit_tag\" value=\"wpcf7-f1256-o1\" \/>\n<input type=\"hidden\" name=\"_wpcf7_container_post\" value=\"0\" \/>\n<\/div>\n<div class=\"fusion-one-half fusion-layout-column fusion-spacing-yes\">\n<p>La Marque<br \/>\n<span class=\"wpcf7-form-control-wrap devis-marque\"><select name=\"devis-marque\" class=\"wpcf7-form-control wpcf7-select wpcf7-validates-as-required\" aria-required=\"true\" aria-invalid=\"false\"><option value=\"Alfa Romeo\">Alfa Romeo<\/option><option value=\"Audi\">Audi<\/option><option value=\"Austin\">Austin<\/option><option value=\"BMW\">BMW<\/option><option value=\"Citroen\">Citroen<\/option><option value=\"Chrysler\">Chrysler<\/option><option value=\"Daewoo\">Daewoo<\/option><option value=\"Fiat\">Fiat<\/option><option value=\"Ford\">Ford<\/option><option value=\"Honda\">Honda<\/option><option value=\"Hyundai\">Hyundai<\/option><option value=\"Innocenti\">Innocenti<\/option><option value=\"Jaguar\">Jaguar<\/option><option value=\"Jeep\">Jeep<\/option><option value=\"Kia\">Kia<\/option><option value=\"Lada\">Lada<\/option><option value=\"Lancia\">Lancia<\/option><option value=\"Mazda\">Mazda<\/option><option value=\"Mercedes\">Mercedes<\/option><option value=\"Mini \/ BMW\">Mini \/ BMW<\/option><option value=\"Mitsubishi\">Mitsubishi<\/option><option value=\"Nissan\">Nissan<\/option><option value=\"Opel\">Opel<\/option><option value=\"Peugeot\">Peugeot<\/option><option value=\"Porsche\">Porsche<\/option><option value=\"Range \/ Land Rover\">Range \/ Land Rover<\/option><option value=\"Rover\">Rover<\/option><option value=\"Renault\">Renault<\/option><option value=\"Saab\">Saab<\/option><option value=\"Seat\">Seat<\/option><option value=\"Skoda\">Skoda<\/option><option value=\"Smart\">Smart<\/option><option value=\"Subaru\">Subaru<\/option><option value=\"SsangYong\">SsangYong<\/option><option value=\"Suzuki \/ Santana\">Suzuki \/ Santana<\/option><option value=\"Talbot\">Talbot<\/option><option value=\"Toyota\">Toyota<\/option><option value=\"Volkswagen\">Volkswagen<\/option><option value=\"Volvo\">Volvo<\/option><\/select><\/span><\/p>\n<p>Mod\u00e8le<br \/>\n    <span class=\"wpcf7-form-control-wrap devis-modele\"><input type=\"text\" name=\"devis-modele\" value=\"\" size=\"40\" class=\"wpcf7-form-control wpcf7-text wpcf7-validates-as-required\" aria-required=\"true\" aria-invalid=\"false\" placeholder=\"ex : 306 Hdi\" \/><\/span> <\/p>\n<p>N\u00b0 Immatriculation<br \/>\n    <span class=\"wpcf7-form-control-wrap devis-imat\"><input type=\"text\" name=\"devis-imat\" value=\"\" size=\"40\" class=\"wpcf7-form-control wpcf7-text wpcf7-validates-as-required\" aria-required=\"true\" aria-invalid=\"false\" placeholder=\"ex : AA-000-AA\" \/><\/span> <\/p>\n<p>Date 1\u00e8re mise en circulation<br \/>\n    <span class=\"wpcf7-form-control-wrap devis-circulation\"><input type=\"text\" name=\"devis-circulation\" value=\"\" size=\"40\" class=\"wpcf7-form-control wpcf7-text wpcf7-validates-as-required\" aria-required=\"true\" aria-invalid=\"false\" placeholder=\"jj\/mm\/aaaa\" \/><\/span> <\/p>\n<p>Cylindr\u00e9e<br \/>\n    <span class=\"wpcf7-form-control-wrap devis-cc\"><input type=\"text\" name=\"devis-cc\" value=\"\" size=\"40\" class=\"wpcf7-form-control wpcf7-text wpcf7-validates-as-required\" aria-required=\"true\" aria-invalid=\"false\" placeholder=\"ex : 1,9\" \/><\/span> <\/p>\n<p>\n<span style=\"display: inline-block;width:130px;\">ABS<\/span> <span class=\"wpcf7-form-control-wrap devis-abs\"><span class=\"wpcf7-form-control wpcf7-radio\"><span class=\"wpcf7-list-item first\"><input type=\"radio\" name=\"devis-abs\" value=\"Oui\" \/><span class=\"wpcf7-list-item-label\">Oui<\/span><\/span><span class=\"wpcf7-list-item\"><input type=\"radio\" name=\"devis-abs\" value=\"Non\" \/><span class=\"wpcf7-list-item-label\">Non<\/span><\/span><span class=\"wpcf7-list-item last\"><input type=\"radio\" name=\"devis-abs\" value=\"Je ne sais pas\" checked=\"checked\" \/><span class=\"wpcf7-list-item-label\">Je ne sais pas<\/span><\/span><\/span><\/span><br \/>\n<span style=\"display: inline-block;width:130px;\">Direction assist\u00e9e<\/span> <span class=\"wpcf7-form-control-wrap devis-da\"><span class=\"wpcf7-form-control wpcf7-radio\"><span class=\"wpcf7-list-item first\"><input type=\"radio\" name=\"devis-da\" value=\"Oui\" \/><span class=\"wpcf7-list-item-label\">Oui<\/span><\/span><span class=\"wpcf7-list-item last\"><input type=\"radio\" name=\"devis-da\" value=\"Non\" checked=\"checked\" \/><span class=\"wpcf7-list-item-label\">Non<\/span><\/span><\/span><\/span><br \/>\n<span style=\"display: inline-block;width:130px;\">Climatisation<\/span> <span class=\"wpcf7-form-control-wrap devis-clim\"><span class=\"wpcf7-form-control wpcf7-radio\"><span class=\"wpcf7-list-item first\"><input type=\"radio\" name=\"devis-clim\" value=\"Oui\" \/><span class=\"wpcf7-list-item-label\">Oui<\/span><\/span><span class=\"wpcf7-list-item last\"><input type=\"radio\" name=\"devis-clim\" value=\"Non\" checked=\"checked\" \/><span class=\"wpcf7-list-item-label\">Non<\/span><\/span><\/span><\/span><br \/>\n<span style=\"display: inline-block;width:130px;\">Boite Automatique<\/span>  <span class=\"wpcf7-form-control-wrap devis-ba\"><span class=\"wpcf7-form-control wpcf7-radio\"><span class=\"wpcf7-list-item first\"><input type=\"radio\" name=\"devis-ba\" value=\"Oui\" \/><span class=\"wpcf7-list-item-label\">Oui<\/span><\/span><span class=\"wpcf7-list-item last\"><input type=\"radio\" name=\"devis-ba\" value=\"Non\" checked=\"checked\" \/><span class=\"wpcf7-list-item-label\">Non<\/span><\/span><\/span><\/span><\/p>\n<p><span style=\"display: inline-block;width:130px;\">Start&Stop<\/span>  <span class=\"wpcf7-form-control-wrap devis-ss\"><span class=\"wpcf7-form-control wpcf7-radio\"><span class=\"wpcf7-list-item first\"><input type=\"radio\" name=\"devis-ss\" value=\"Oui\" \/><span class=\"wpcf7-list-item-label\">Oui<\/span><\/span><span class=\"wpcf7-list-item last\"><input type=\"radio\" name=\"devis-ss\" value=\"Non\" checked=\"checked\" \/><span class=\"wpcf7-list-item-label\">Non<\/span><\/span><\/span><\/span><\/p>\n<\/div>\n<div class=\"fusion-one-half fusion-layout-column fusion-spacing-yes fusion-column-last\">\n<p>Nom<br \/>\n    <span class=\"wpcf7-form-control-wrap devis-nom\"><input type=\"text\" name=\"devis-nom\" value=\"\" size=\"40\" class=\"wpcf7-form-control wpcf7-text wpcf7-validates-as-required\" aria-required=\"true\" aria-invalid=\"false\" \/><\/span> <\/p>\n<p>Pr\u00e9nom<br \/>\n    <span class=\"wpcf7-form-control-wrap devis-prenom\"><input type=\"text\" name=\"devis-prenom\" value=\"\" size=\"40\" class=\"wpcf7-form-control wpcf7-text wpcf7-validates-as-required\" aria-required=\"true\" aria-invalid=\"false\" \/><\/span> <\/p>\n<p>Email<br \/>\n    <span class=\"wpcf7-form-control-wrap devis-email\"><input type=\"email\" name=\"devis-email\" value=\"\" size=\"40\" class=\"wpcf7-form-control wpcf7-text wpcf7-email wpcf7-validates-as-required wpcf7-validates-as-email\" aria-required=\"true\" aria-invalid=\"false\" \/><\/span> <\/p>\n<p>T\u00e9l\u00e9phone<br \/>\n    <span class=\"wpcf7-form-control-wrap devis-tel\"><input type=\"tel\" name=\"devis-tel\" value=\"\" size=\"40\" class=\"wpcf7-form-control wpcf7-text wpcf7-tel wpcf7-validates-as-tel\" aria-invalid=\"false\" \/><\/span> <\/p>\n<p>Vous pr\u00e9f\u00e9rez \u00eatre joint par <span class=\"wpcf7-form-control-wrap devis-contact-type\"><span class=\"wpcf7-form-control wpcf7-radio\"><span class=\"wpcf7-list-item first\"><input type=\"radio\" name=\"devis-contact-type\" value=\"par Email\" checked=\"checked\" \/><span class=\"wpcf7-list-item-label\">par Email<\/span><\/span><span class=\"wpcf7-list-item last\"><input type=\"radio\" name=\"devis-contact-type\" value=\"par t\u00e9l\u00e9phone\" \/><span class=\"wpcf7-list-item-label\">par t\u00e9l\u00e9phone<\/span><\/span><\/span><\/span><\/p>\n<p>Description pr\u00e9cise de la pi\u00e8ce recherch\u00e9e<br \/>\n    <span class=\"wpcf7-form-control-wrap devis-message\"><textarea name=\"devis-message\" cols=\"40\" rows=\"10\" class=\"wpcf7-form-control wpcf7-textarea\" aria-invalid=\"false\"><\/textarea><\/span> <\/p>\n<div class=\"wpcf7-form-control-wrap\"><div data-sitekey=\"6LeC4bYUAAAAAM0-UaS81vTUuEMzryiH51372YHK\" class=\"wpcf7-form-control g-recaptcha wpcf7-recaptcha\"><\/div>\n<noscript>\n\t<div style=\"width: 302px; height: 422px;\">\n\t\t<div style=\"width: 302px; height: 422px; position: relative;\">\n\t\t\t<div style=\"width: 302px; height: 422px; position: absolute;\">\n\t\t\t\t<iframe src=\"https:\/\/www.google.com\/recaptcha\/api\/fallback?k=6LeC4bYUAAAAAM0-UaS81vTUuEMzryiH51372YHK\" frameborder=\"0\" scrolling=\"no\" style=\"width: 302px; height:422px; border-style: none;\">\n\t\t\t\t<\/iframe>\n\t\t\t<\/div>\n\t\t\t<div style=\"width: 300px; height: 60px; border-style: none; bottom: 12px; left: 25px; margin: 0px; padding: 0px; right: 25px; background: #f9f9f9; border: 1px solid #c1c1c1; border-radius: 3px;\">\n\t\t\t\t<textarea id=\"g-recaptcha-response\" name=\"g-recaptcha-response\" class=\"g-recaptcha-response\" style=\"width: 250px; height: 40px; border: 1px solid #c1c1c1; margin: 10px 25px; padding: 0px; resize: none;\">\n\t\t\t\t<\/textarea>\n\t\t\t<\/div>\n\t\t<\/div>\n\t<\/div>\n<\/noscript>\n<\/div>\n<p>&nbsp;<\/p>\n<p><input type=\"submit\" value=\"Envoyer\" class=\"wpcf7-form-control wpcf7-submit\" \/><\/p>\n<\/div>\n<div class=\"wpcf7-response-output wpcf7-display-none\"><\/div><\/form><\/div>\n<div class=\"fusion-clearfix\"><\/div>\r\n\r\n\t\t\t\t\t<\/div>\r\n\t\t\t\t<\/div><\/div><\/div>\n","protected":false},"excerpt":{"rendered":"","protected":false},"author":1,"featured_media":0,"parent":0,"menu_order":0,"comment_status":"closed","ping_status":"closed","template":"","meta":{"footnotes":""},"class_list":["post-1255","page","type-page","status-publish","hentry"],"_links":{"self":[{"href":"https:\/\/www.apa88.com\/index.php\/wp-json\/wp\/v2\/pages\/1255","targetHints":{"allow":["GET"]}}],"collection":[{"href":"https:\/\/www.apa88.com\/index.php\/wp-json\/wp\/v2\/pages"}],"about":[{"href":"https:\/\/www.apa88.com\/index.php\/wp-json\/wp\/v2\/types\/page"}],"author":[{"embeddable":true,"href":"https:\/\/www.apa88.com\/index.php\/wp-json\/wp\/v2\/users\/1"}],"replies":[{"embeddable":true,"href":"https:\/\/www.apa88.com\/index.php\/wp-json\/wp\/v2\/comments?post=1255"}],"version-history":[{"count":2,"href":"https:\/\/www.apa88.com\/index.php\/wp-json\/wp\/v2\/pages\/1255\/revisions"}],"predecessor-version":[{"id":1260,"href":"https:\/\/www.apa88.com\/index.php\/wp-json\/wp\/v2\/pages\/1255\/revisions\/1260"}],"wp:attachment":[{"href":"https:\/\/www.apa88.com\/index.php\/wp-json\/wp\/v2\/media?parent=1255"}],"curies":[{"name":"wp","href":"https:\/\/api.w.org\/{rel}","templated":true}]}}